{"id":1782,"date":"2024-12-03T15:25:46","date_gmt":"2024-12-03T15:25:46","guid":{"rendered":"http:\/\/panvcielka.eu\/?post_type=product&#038;p=1782"},"modified":"2025-10-13T19:39:53","modified_gmt":"2025-10-13T19:39:53","slug":"tocena-sviecka","status":"publish","type":"product","link":"http:\/\/panvcielka.eu\/?product=tocena-sviecka","title":{"rendered":"To\u010den\u00e1 svie\u010dka"},"content":{"rendered":"","protected":false},"excerpt":{"rendered":"","protected":false},"featured_media":1783,"template":"","meta":[],"product_cat":[73],"product_tag":[],"class_list":{"0":"post-1782","1":"product","2":"type-product","3":"status-publish","4":"has-post-thumbnail","6":"product_cat-produkty-z-vcelieho-vosku","8":"first","9":"instock","10":"shipping-taxable","11":"purchasable","12":"product-type-simple"},"_links":{"self":[{"href":"http:\/\/panvcielka.eu\/index.php?rest_route=\/wp\/v2\/product\/1782","targetHints":{"allow":["GET"]}}],"collection":[{"href":"http:\/\/panvcielka.eu\/index.php?rest_route=\/wp\/v2\/product"}],"about":[{"href":"http:\/\/panvcielka.eu\/index.php?rest_route=\/wp\/v2\/types\/product"}],"wp:featuredmedia":[{"embeddable":true,"href":"http:\/\/panvcielka.eu\/index.php?rest_route=\/wp\/v2\/media\/1783"}],"wp:attachment":[{"href":"http:\/\/panvcielka.eu\/index.php?rest_route=%2Fwp%2Fv2%2Fmedia&parent=1782"}],"wp:term":[{"taxonomy":"product_cat","embeddable":true,"href":"http:\/\/panvcielka.eu\/index.php?rest_route=%2Fwp%2Fv2%2Fproduct_cat&post=1782"},{"taxonomy":"product_tag","embeddable":true,"href":"http:\/\/panvcielka.eu\/index.php?rest_route=%2Fwp%2Fv2%2Fproduct_tag&post=1782"}],"curies":[{"name":"wp","href":"https:\/\/api.w.org\/{rel}","templated":true}]}}