{"id":1819,"date":"2025-10-13T19:33:20","date_gmt":"2025-10-13T19:33:20","guid":{"rendered":"https:\/\/panvcielka.eu\/?post_type=product&#038;p=1819"},"modified":"2025-10-13T19:33:20","modified_gmt":"2025-10-13T19:33:20","slug":"mes-s-cernicami","status":"publish","type":"product","link":"https:\/\/panvcielka.eu\/?product=mes-s-cernicami","title":{"rendered":"Mes s \u010dernicami"},"content":{"rendered":"<p>Lahodn\u00fd med s chu\u0165ou a ar\u00f3mou prav\u00fdch \u010dern\u00edc.<\/p>\n","protected":false},"excerpt":{"rendered":"<p>Lahodn\u00fd med s chu\u0165ou a ar\u00f3mou prav\u00fdch \u010dern\u00edc.<\/p>\n","protected":false},"featured_media":1818,"template":"","meta":[],"product_cat":[64,66],"product_tag":[],"class_list":{"0":"post-1819","1":"product","2":"type-product","3":"status-publish","4":"has-post-thumbnail","6":"product_cat-international-honey","7":"product_cat-specialty-honey","8":"pif-has-gallery","10":"first","11":"instock","12":"shipping-taxable","13":"purchasable","14":"product-type-simple"},"_links":{"self":[{"href":"https:\/\/panvcielka.eu\/index.php?rest_route=\/wp\/v2\/product\/1819","targetHints":{"allow":["GET"]}}],"collection":[{"href":"https:\/\/panvcielka.eu\/index.php?rest_route=\/wp\/v2\/product"}],"about":[{"href":"https:\/\/panvcielka.eu\/index.php?rest_route=\/wp\/v2\/types\/product"}],"wp:featuredmedia":[{"embeddable":true,"href":"https:\/\/panvcielka.eu\/index.php?rest_route=\/wp\/v2\/media\/1818"}],"wp:attachment":[{"href":"https:\/\/panvcielka.eu\/index.php?rest_route=%2Fwp%2Fv2%2Fmedia&parent=1819"}],"wp:term":[{"taxonomy":"product_cat","embeddable":true,"href":"https:\/\/panvcielka.eu\/index.php?rest_route=%2Fwp%2Fv2%2Fproduct_cat&post=1819"},{"taxonomy":"product_tag","embeddable":true,"href":"https:\/\/panvcielka.eu\/index.php?rest_route=%2Fwp%2Fv2%2Fproduct_tag&post=1819"}],"curies":[{"name":"wp","href":"https:\/\/api.w.org\/{rel}","templated":true}]}}